{"id":22779,"date":"2020-07-05T01:11:46","date_gmt":"2020-07-05T01:11:46","guid":{"rendered":"https:\/\/aktoestudio.com\/?page_id=22779"},"modified":"2020-08-02T02:33:20","modified_gmt":"2020-08-02T02:33:20","slug":"tatiana-gonzalez","status":"publish","type":"page","link":"https:\/\/aktoestudio.com\/en\/profesionales\/tatiana-gonzalez\/","title":{"rendered":"Tatiana Gonz\u00e1lez Cadavid"},"content":{"rendered":"<div class=\"wpb-content-wrapper\"><section class=\"vc_row wpb_row vc_row-fluid\"><div class=\"wpb_column vc_column_container vc_col-sm-3  col-xs-mobile-fullwidth text-center md-text-center sm-text-center xs-text-center\"><div class=\"vc_column-inner\"><div class=\"wpb_wrapper\"><div class=\"team-1 team-block team-style-1 team1-0\"><figure><div class=\"team-image xs-width-100\"><img loading=\"lazy\" decoding=\"async\" src=\"https:\/\/i0.wp.com\/aktoestudio.com\/wp-content\/uploads\/2020\/07\/tatiana-final-akto.jpg?fit=263%2C400&#038;ssl=1\" width=\"263\" height=\"400\"  alt=\"\" srcset=\"https:\/\/i0.wp.com\/aktoestudio.com\/wp-content\/uploads\/2020\/07\/tatiana-final-akto.jpg?w=263&amp;ssl=1 263w, https:\/\/i0.wp.com\/aktoestudio.com\/wp-content\/uploads\/2020\/07\/tatiana-final-akto.jpg?resize=197%2C300&amp;ssl=1 197w, https:\/\/i0.wp.com\/aktoestudio.com\/wp-content\/uploads\/2020\/07\/tatiana-final-akto.jpg?resize=81%2C123&amp;ssl=1 81w\" sizes=\"auto, (max-width: 263px) 100vw, 263px\" \/><div class=\"overlay-content text-center md-text-center sm-text-center xs-text-center\"><div class=\"display-table height-100 width-100\"><div class=\"display-table-cell icon-social-small padding-twelve-all vertical-align-middle\"><div class=\"text-white text-white-hover text-small no-margin last-paragraph-no-margin\"><p>Senior Corporate &amp; Commercial Lawyer with extensive experience in State Contracting.<\/p>\n<\/div><div class=\"separator-line-horrizontal-full bg-deep-pink margin-eleven-tb\" style=\"background-color:#9d432c; \"><\/div><a class=\"text-white text-white-hover team-social-icon\" href=\"https:\/\/www.facebook.com\/aktolegal\" target=\"_blank\"><i class=\"fab fa-facebook-f\"><\/i><\/a><a class=\"text-white text-white-hover team-social-icon\" href=\"https:\/\/www.twitter.com\/aktolegal\" target=\"_blank\"><i class=\"fab fa-twitter\"><\/i><\/a><a class=\"text-white text-white-hover team-social-icon\" href=\"https:\/\/www.linkedin.com\/company\/aktolegal\" target=\"_blank\"><i class=\"fab fa-linkedin-in\"><\/i><\/a><a class=\"text-white text-white-hover team-social-icon\" href=\"https:\/\/www.instagram.com\/aktolegal\" target=\"_blank\"><i class=\"fab fa-instagram\"><\/i><\/a><\/div><\/div><\/div><div class=\"team-overlay bg-deep-pink opacity8\"  style=\"background-color: #183028;\"><\/div><\/div><figcaption><div class=\"team-member-position margin-20px-top\"><div class=\"text-extra-small text-medium-gray text-uppercase\">SENIOR LEGAL CONSULTANT<\/div><\/div><\/figcaption><\/figure><\/div><\/div><\/div><\/div><div class=\"wpb_column vc_column_container vc_col-sm-9  col-xs-mobile-fullwidth\"><div class=\"vc_column-inner\"><div class=\"wpb_wrapper\"><h3 class=\"text-extra-dark-gray margin-20px-bottom font-weight-600 display-inline-block alt-font text-uppercase heading-style2  heading-1\" >TATIANA GONZ\u00c1LEZ CADAVID<\/h3><div class=\"separator-line-horrizontal-full bg-extra-light-gray pofo-separator\" style=\"background-color:#9d432c;\"><\/div><div class=\"vc_empty_space\"   style=\"height: 32px\"><span class=\"vc_empty_space_inner\"><\/span><\/div><div class=\"last-paragraph-no-margin\"><p style=\"text-align: justify;\">Lawyer with knowledge and practice of Advanced English<\/p>\n<p style=\"text-align: justify;\">Graduated from the University of La Sabana, specializing in Business Law and Commercial Law at the University Colegio Mayor de Nuestra Se\u00f1ora del Rosario.<\/p>\n<p style=\"text-align: justify;\">As a lawyer, she has held positions in both the private and public sectors.<\/p>\n<p style=\"text-align: justify;\">In the private sector she worked for 3 years in the firm INVERSIONES HOYOS SALAZAR as a legal advisor and public relations officer, then for two years in the firm ALC ASSOCIATED LEGAL CONSULTANTS LTDA as a lawyer in the area of private law where she was in charge of preparing, reviewing and modifying commercial contracts. Advising on specific issues on codes of ethics and corporate governance. Consulting and Advising on business and labor issues.<\/p>\n<p style=\"text-align: justify;\">At the same time she worked at HERBALIFE INTERNATIONAL COLOMBIA in the department of Ethics and Compliance Representative as responsible for enforcing and correcting attempted violations and breaches of distributors' rules to the Code of Honor, the Business Opportunity Manual (Code of Ethics) as well as other national and international provisions.<\/p>\n<p style=\"text-align: justify;\">With Dr. NATALIA TOBON FRANCO, development of strategies and business plans according to the needs of the client for the internal improvement of the organizational climate. Creation of systems and channels of communication and information at an internal and external level aimed at satisfying the specific needs of each client in accordance with current regulations. Legal consulting, review, preparation and modification of codes of conduct, work regulations and ethics manuals. investigations, definitions and interpretation of standards especially in the area of compliance, code of ethics and corporate governance.<\/p>\n<p style=\"text-align: justify;\">In the public sector in the Ministry of National Defense - National Army as Legal Advisor for the Army Aviation Head Office JEAVE, Administrative and Accounting Central Usaquen CENAC USAQUEN, Doctrine Command CEDOC in the Department of Science and Technology DITEC and the National Army Doctrine Center CEDOE.  Providing legal advice in the stages of structuring, evaluation, implementation and liquidation of the various state contracts. Development of legal concepts, response to requirements and \/ or requests, efficient and effective management of matters related to recruitment by carrying out an appropriate management of public affairs, from any of the areas related to this discipline. Application and guarantee of the principles of public and\/or private contracting to all those projects, contracts and\/or agreements, under the terms of the current regulations of both public and private law.<\/p>\n<p style=\"text-align: justify;\">Likewise, for 4 years, she taught the History and Foundations of Human Rights and International Humanitarian Law module for professional soldiers at the School of Human Rights, IHL, and Legal Affairs, ESDAE, for the Ministry of National Defense - National Army. Training in the area of comprehensive policies, history and universal foundations of Human Rights and International Humanitarian Law, gender violence, subjects of special constitutional protection, rules of engagement, and national and international mechanisms.<\/p>\n<p style=\"text-align: justify;\">Before joining LATAM CONSULTANTS S.A.S, she worked for two years as General Management Advisor and later as Advisor to the General Secretariat in the LOGISTICS AGENCY OF THE MILITARY FORCES as support for pre-contractual, contractual and post-contractual management in the development of the processes of acquisition of goods and services by the entity. Analysis and evaluation of the execution of the Agency's own policy, providing elements of judgment for decision-making by senior management.<\/p>\n<p style=\"text-align: justify;\">Professional with experience in projects related to conflict resolution in public and private law and process issues in ethics and compliance. Interested in contract law, corporate, commercial, human resources and corporate social responsibility.<\/p>\n<\/div><\/div><\/div><\/div><\/section>\n<\/div>","protected":false},"excerpt":{"rendered":"Abogada Senior en Derecho Corporativo &amp; Comercial amplia experiencia en Contrataci\u00f3n Estatal. CONSULTOR LEGAL SENIORTATIANA GONZ\u00c1LEZ CADAVIDAbogada con conocimiento y pr\u00e1ctica de Ingl\u00e9s Avanzado. Egresada de la Universidad de La Sabana, especializada en Derecho de la Empresa y Derecho comercial en la Universidad Colegio Mayor de Nuestra Se\u00f1ora del Rosario. Como abogada ha desempe\u00f1ado cargos en el sector privado y p\u00fablico. En el sector privado trabajo por 3 a\u00f1os en la firma INVERSIONES HOYOS SALAZAR como Asesora legal y Relacionista P\u00fablica, luego por dos a\u00f1os en la firma ALC ASSOCIATED\u00a0 LEGAL CONSULTANTS\u00a0 LTDA como abogada del \u00e1rea de Derecho privado\u00a0 donde estaba a cargo de elaboraci\u00f3n, revisi\u00f3n y modificaci\u00f3n de contratos comerciales. Asesoramiento en temas puntuales sobre c\u00f3digos de \u00e9tica y gobierno corporativo. Consultor\u00edas y Asesor\u00edas en temas empresariales y laborales. A su vez trabaj\u00f3 en\u00a0 HERBALIFE INTERNATIONAL COLOMBIA\u00a0 en el departamento de\u00a0\u00a0 Ethics and Compliance Representative- Representante de\u00a0 \u00c9tica y Cumplimiento como encargada\u00a0 de\u00a0 hacer\u00a0 cumplir\u00a0 y\u00a0 corregir\u00a0 intentos\u00a0 de\u00a0 infracciones\u00a0 y\u00a0 violaciones\u00a0 de\u00a0 las\u00a0 normas\u00a0 de\u00a0 los distribuidores al C\u00f3digo de Honor, al Manual de Oportunidad de Negocio (C\u00f3digo de \u00c9tica) al igual que otras disposiciones de car\u00e1cter nacional e internacional. Con la Doctora NATALIA TOBON\u00a0 FRANCO ,...","protected":false},"author":2,"featured_media":22857,"parent":22771,"menu_order":0,"comment_status":"closed","ping_status":"closed","template":"","meta":{"om_disable_all_campaigns":false,"footnotes":""},"yst_prominent_words":[576,581,572,600,577,569,456,574,582,573,579,570,507,585,575,578,580,571,583,584],"class_list":["post-22779","page","type-page","status-publish","has-post-thumbnail","hentry"],"jetpack_sharing_enabled":true,"_links":{"self":[{"href":"https:\/\/aktoestudio.com\/en\/wp-json\/wp\/v2\/pages\/22779","targetHints":{"allow":["GET"]}}],"collection":[{"href":"https:\/\/aktoestudio.com\/en\/wp-json\/wp\/v2\/pages"}],"about":[{"href":"https:\/\/aktoestudio.com\/en\/wp-json\/wp\/v2\/types\/page"}],"author":[{"embeddable":true,"href":"https:\/\/aktoestudio.com\/en\/wp-json\/wp\/v2\/users\/2"}],"replies":[{"embeddable":true,"href":"https:\/\/aktoestudio.com\/en\/wp-json\/wp\/v2\/comments?post=22779"}],"version-history":[{"count":1,"href":"https:\/\/aktoestudio.com\/en\/wp-json\/wp\/v2\/pages\/22779\/revisions"}],"predecessor-version":[{"id":22803,"href":"https:\/\/aktoestudio.com\/en\/wp-json\/wp\/v2\/pages\/22779\/revisions\/22803"}],"up":[{"embeddable":true,"href":"https:\/\/aktoestudio.com\/en\/wp-json\/wp\/v2\/pages\/22771"}],"wp:featuredmedia":[{"embeddable":true,"href":"https:\/\/aktoestudio.com\/en\/wp-json\/wp\/v2\/media\/22857"}],"wp:attachment":[{"href":"https:\/\/aktoestudio.com\/en\/wp-json\/wp\/v2\/media?parent=22779"}],"wp:term":[{"taxonomy":"yst_prominent_words","embeddable":true,"href":"https:\/\/aktoestudio.com\/en\/wp-json\/wp\/v2\/yst_prominent_words?post=22779"}],"curies":[{"name":"wp","href":"https:\/\/api.w.org\/{rel}","templated":true}]}}