{"id":22773,"date":"2020-07-05T01:06:51","date_gmt":"2020-07-05T01:06:51","guid":{"rendered":"https:\/\/aktoestudio.com\/?page_id=22773"},"modified":"2020-08-01T16:49:09","modified_gmt":"2020-08-01T16:49:09","slug":"marcela-castillo","status":"publish","type":"page","link":"https:\/\/aktoestudio.com\/en\/profesionales\/marcela-castillo\/","title":{"rendered":"Claudia Marcela Castillo"},"content":{"rendered":"<div class=\"wpb-content-wrapper\"><section class=\"vc_row wpb_row vc_row-fluid\"><div class=\"wpb_column vc_column_container vc_col-sm-3  col-xs-mobile-fullwidth text-center md-text-center sm-text-center xs-text-center\"><div class=\"vc_column-inner\"><div class=\"wpb_wrapper\"><div class=\"team-1 team-block team-style-1 team1-0\"><figure><div class=\"team-image xs-width-100\"><img loading=\"lazy\" decoding=\"async\" src=\"https:\/\/i0.wp.com\/aktoestudio.com\/wp-content\/uploads\/2020\/07\/marcela-castillo.jpg?fit=263%2C400&#038;ssl=1\" width=\"263\" height=\"400\"  alt=\"\" srcset=\"https:\/\/i0.wp.com\/aktoestudio.com\/wp-content\/uploads\/2020\/07\/marcela-castillo.jpg?w=263&amp;ssl=1 263w, https:\/\/i0.wp.com\/aktoestudio.com\/wp-content\/uploads\/2020\/07\/marcela-castillo.jpg?resize=197%2C300&amp;ssl=1 197w, https:\/\/i0.wp.com\/aktoestudio.com\/wp-content\/uploads\/2020\/07\/marcela-castillo.jpg?resize=81%2C123&amp;ssl=1 81w\" sizes=\"auto, (max-width: 263px) 100vw, 263px\" \/><div class=\"overlay-content text-center\"><div class=\"display-table height-100 width-100\"><div class=\"display-table-cell icon-social-small padding-twelve-all vertical-align-middle\"><div class=\"text-white text-white-hover text-small no-margin last-paragraph-no-margin\"><p>Lawyer and Senior Conciliator in Commercial &amp; Administrative Law.<\/p>\n<\/div><div class=\"separator-line-horrizontal-full bg-deep-pink margin-eleven-tb\" style=\"background-color:#9d432c; \"><\/div><a class=\"text-white text-white-hover team-social-icon\" href=\"https:\/\/www.facebook.com\/aktolegal\" target=\"_blank\"><i class=\"fab fa-facebook-f\"><\/i><\/a><a class=\"text-white text-white-hover team-social-icon\" href=\"https:\/\/twitter.com\/AktoLegal\" target=\"_blank\"><i class=\"fab fa-twitter\"><\/i><\/a><a class=\"text-white text-white-hover team-social-icon\" href=\"http:\/\/linkedin.com\/company\/aktolegal\" target=\"_blank\"><i class=\"fab fa-linkedin-in\"><\/i><\/a><a class=\"text-white text-white-hover team-social-icon\" href=\"https:\/\/www.instagram.com\/aktolegal\" target=\"_blank\"><i class=\"fab fa-instagram\"><\/i><\/a><\/div><\/div><\/div><div class=\"team-overlay bg-deep-pink opacity8\"  style=\"background-color: #183028;\"><\/div><\/div><figcaption><div class=\"team-member-position margin-20px-top\"><div class=\"text-extra-small text-medium-gray text-uppercase\">FOUNDER - LEGAL AND ADMINISTRATIVE DIRECTOR<\/div><\/div><\/figcaption><\/figure><\/div><\/div><\/div><\/div><div class=\"wpb_column vc_column_container vc_col-sm-9  col-xs-mobile-fullwidth\"><div class=\"vc_column-inner\"><div class=\"wpb_wrapper\"><h3 class=\"text-extra-dark-gray margin-20px-bottom font-weight-600 display-inline-block alt-font text-uppercase heading-style2  heading-1\" >CLAUDIA MARCELA CASTILLO<\/h3><div class=\"separator-line-horrizontal-full bg-extra-light-gray pofo-separator\" style=\"background-color:#9d432c;\"><\/div><div class=\"vc_empty_space\"   style=\"height: 32px\"><span class=\"vc_empty_space_inner\"><\/span><\/div><div class=\"last-paragraph-no-margin\"><p style=\"text-align: justify;\">I am a lawyer by profession with a specialization in Commercial Law focused on business development and its legal and economic implications; my mission is to help emerging and positioned companies to focus on the development of their activities without distraction, so that our multidisciplinary team takes care of managing the best profitable and efficient alternative for the operations of our clients.<\/p>\n<p style=\"text-align: justify;\">I seek to establish a close dialogue to capture the needs and work on the accurate strategies for the fulfillment of the objective.<\/p>\n<p style=\"text-align: justify;\">My professional career and personal environment has led me to be always involved in the dynamics of business: structuring and restructuring of companies, insolvency proceedings in natural persons and merchants, negotiations and conciliation of debts with creditors, contractual projections, consumer protection, health and trademark registrations and opposition proceedings of trademark registrations now part of Abbott Laboratories. \n\nI have also played the role of administrator of justice for entities in the District of Bogota, I have participated in the preparation of government actions in disciplinary and administrative processes, consulting for foreign companies with operations in Latin America, in tax matters, Business Process Outsourcing (BPO), Payroll services and outsourcing of legal services.<\/p>\n<p style=\"text-align: justify;\">I have worked for both the public and private sectors understanding the dynamics that each environment handles, understanding their strengths and weaknesses. These were the reasons that led me to found this company, to offer not only my individual experience and knowledge, but to integrate a group of professionals with expertise in the legal and business sector.<\/p>\n<p style=\"text-align: justify;\">I enjoy doing bikram yoga, traveling and talking. This is me, an analytical, strategic, investigative, suspicious, structured and observant woman. I'm here to be part of the solution.<\/p>\n<\/div><\/div><\/div><\/div><\/section>\n<\/div>","protected":false},"excerpt":{"rendered":"Abogada y Conciliadora Senior en Derecho Comercial &amp; Administrativo. FUNDADORA - DIRECTORA JUR\u00cdDICA Y ADMINISTRATIVACLAUDIA MARCELA CASTILLOSoy Abogada de profesi\u00f3n con Especializaci\u00f3n en Derecho Comercial enfocada en el desarrollo de los negocios y sus implicaciones de orden legal y econ\u00f3mico; mi misi\u00f3n es hacer que las empresas emergentes y posicionadas se enfoquen en el desarrollo de sus actividades sin distracci\u00f3n, para que nuestro equipo de trabajo multidisciplinario se encargue de gestionar la mejor alternativa rentable y eficiente para las operaciones de nuestros clientes. Busco entablar un dialogo cercano para captar las necesidades y trabajar en las estrategias indicadas para el cumplimiento del objetivo. Mi carrera profesional y entorno personal me ha llevado a estar siempre involucrada dentro de la din\u00e1mica de los negocios, en temas de estructuraci\u00f3n y re-estructuraci\u00f3n de empresas, procesos de insolvencia en persona natural y comerciante, negociaciones y conciliaciones de deudas con acreedores, proyecciones contractuales, defensa del consumidor, registros sanitarios y marcarios, procesos de oposici\u00f3n de registros de marcas hoy en d\u00eda parte de Abbott Laboratories, he participado en la elaboraci\u00f3n de actuaciones gubernamentales en procesos disciplinarios y administrativos cumpliendo el rol de administradora de justicia para entidades del Distrito de Bogot\u00e1, consultor\u00edas para empresas extranjeras con...","protected":false},"author":2,"featured_media":22789,"parent":22771,"menu_order":0,"comment_status":"closed","ping_status":"closed","template":"","meta":{"om_disable_all_campaigns":false,"footnotes":""},"yst_prominent_words":[456,574,724,726,535,727,723,405,721,507,722,720,730,725,728,210,729,732,314,731],"class_list":["post-22773","page","type-page","status-publish","has-post-thumbnail","hentry"],"jetpack_sharing_enabled":true,"_links":{"self":[{"href":"https:\/\/aktoestudio.com\/en\/wp-json\/wp\/v2\/pages\/22773","targetHints":{"allow":["GET"]}}],"collection":[{"href":"https:\/\/aktoestudio.com\/en\/wp-json\/wp\/v2\/pages"}],"about":[{"href":"https:\/\/aktoestudio.com\/en\/wp-json\/wp\/v2\/types\/page"}],"author":[{"embeddable":true,"href":"https:\/\/aktoestudio.com\/en\/wp-json\/wp\/v2\/users\/2"}],"replies":[{"embeddable":true,"href":"https:\/\/aktoestudio.com\/en\/wp-json\/wp\/v2\/comments?post=22773"}],"version-history":[{"count":3,"href":"https:\/\/aktoestudio.com\/en\/wp-json\/wp\/v2\/pages\/22773\/revisions"}],"predecessor-version":[{"id":22975,"href":"https:\/\/aktoestudio.com\/en\/wp-json\/wp\/v2\/pages\/22773\/revisions\/22975"}],"up":[{"embeddable":true,"href":"https:\/\/aktoestudio.com\/en\/wp-json\/wp\/v2\/pages\/22771"}],"wp:featuredmedia":[{"embeddable":true,"href":"https:\/\/aktoestudio.com\/en\/wp-json\/wp\/v2\/media\/22789"}],"wp:attachment":[{"href":"https:\/\/aktoestudio.com\/en\/wp-json\/wp\/v2\/media?parent=22773"}],"wp:term":[{"taxonomy":"yst_prominent_words","embeddable":true,"href":"https:\/\/aktoestudio.com\/en\/wp-json\/wp\/v2\/yst_prominent_words?post=22773"}],"curies":[{"name":"wp","href":"https:\/\/api.w.org\/{rel}","templated":true}]}}