{"id":22771,"date":"2020-07-05T01:04:55","date_gmt":"2020-07-05T01:04:55","guid":{"rendered":"https:\/\/aktoestudio.com\/?page_id=22771"},"modified":"2021-02-19T22:11:37","modified_gmt":"2021-02-19T22:11:37","slug":"profesionales","status":"publish","type":"page","link":"https:\/\/aktoestudio.com\/en\/profesionales\/","title":{"rendered":"Our Team"},"content":{"rendered":"<div class=\"wpb-content-wrapper\"><section class=\"vc_row wpb_row vc_row-fluid  vc_custom_1593976568269\"><div class=\"wpb_column vc_column_container vc_col-sm-2  col-xs-mobile-fullwidth\"><div class=\"vc_column-inner\"><div class=\"wpb_wrapper\"><\/div><\/div><\/div><div class=\"wpb_column vc_column_container vc_col-sm-8  col-xs-mobile-fullwidth text-center md-text-center sm-text-center xs-text-center\"><div class=\"vc_column-inner\"><div class=\"wpb_wrapper\"><h3 class=\"text-extra-dark-gray margin-20px-bottom font-weight-600 display-inline-block alt-font text-uppercase heading-style2  heading-1\" >OUR PROFESSIONAL TEAM<\/h3><\/div><\/div><\/div><div class=\"wpb_column vc_column_container vc_col-sm-2  col-xs-mobile-fullwidth\"><div class=\"vc_column-inner\"><div class=\"wpb_wrapper\"><\/div><\/div><\/div><\/section><section class=\"vc_row wpb_row vc_row-fluid  vc_custom_1593976615486\"><div class=\"wpb_column vc_column_container vc_col-sm-3  col-xs-mobile-fullwidth text-center md-text-center sm-text-center xs-text-center\"><div class=\"vc_column-inner\"><div class=\"wpb_wrapper\"><div class=\"team-1 team-block team-style-1 team1-0\"><figure><div class=\"team-image xs-width-100\"><img loading=\"lazy\" decoding=\"async\" src=\"https:\/\/i0.wp.com\/aktoestudio.com\/wp-content\/uploads\/2020\/04\/Alejandro_AKTO_BN.png?fit=739%2C1125&#038;ssl=1\" width=\"739\" height=\"1125\"  alt=\"Alejandro\" srcset=\"https:\/\/i0.wp.com\/aktoestudio.com\/wp-content\/uploads\/2020\/04\/Alejandro_AKTO_BN.png?w=739&amp;ssl=1 739w, https:\/\/i0.wp.com\/aktoestudio.com\/wp-content\/uploads\/2020\/04\/Alejandro_AKTO_BN.png?resize=197%2C300&amp;ssl=1 197w, https:\/\/i0.wp.com\/aktoestudio.com\/wp-content\/uploads\/2020\/04\/Alejandro_AKTO_BN.png?resize=673%2C1024&amp;ssl=1 673w, https:\/\/i0.wp.com\/aktoestudio.com\/wp-content\/uploads\/2020\/04\/Alejandro_AKTO_BN.png?resize=506%2C771&amp;ssl=1 506w, https:\/\/i0.wp.com\/aktoestudio.com\/wp-content\/uploads\/2020\/04\/Alejandro_AKTO_BN.png?resize=81%2C123&amp;ssl=1 81w, https:\/\/i0.wp.com\/aktoestudio.com\/wp-content\/uploads\/2020\/04\/Alejandro_AKTO_BN.png?resize=600%2C913&amp;ssl=1 600w\" sizes=\"auto, (max-width: 739px) 100vw, 739px\" \/><div class=\"overlay-content text-center\"><div class=\"display-table height-100 width-100\"><div class=\"display-table-cell icon-social-small padding-twelve-all vertical-align-middle\"><div class=\"text-white text-white-hover text-small no-margin last-paragraph-no-margin\"><p>Senior Sales Director for Latin America Telecommunications Sector.<\/p>\n<\/div><div class=\"separator-line-horrizontal-full bg-deep-pink margin-eleven-tb\" style=\"background-color:#9d432c; \"><\/div><a class=\"text-white text-white-hover team-social-icon\" href=\"https:\/\/www.linkedin.com\/in\/alejandro-guerra-najar-8136195a\/\" target=\"_blank\"><i class=\"fab fa-linkedin-in\"><\/i><\/a><\/div><\/div><\/div><div class=\"team-overlay bg-deep-pink opacity8\"  style=\"background-color: #183028;\"><\/div><\/div><figcaption><div class=\"team-member-position margin-20px-top\"><div class=\"font-weight-500 text-extra-dark-gray text-uppercase text-small\"><a class=\"team-title-link\" href=\"https:\/\/aktoestudio.com\/en\/profesionales\/alejandro-guerra\/\">ALEJANDRO GUERRA NAJAR<\/a><\/div><div class=\"text-extra-small text-medium-gray text-uppercase\">SALES MANAGER<\/div><\/div><\/figcaption><\/figure><\/div><\/div><\/div><\/div><div class=\"wpb_column vc_column_container vc_col-sm-3  col-xs-mobile-fullwidth text-center md-text-center sm-text-center xs-text-center\"><div class=\"vc_column-inner\"><div class=\"wpb_wrapper\"><div class=\"team-1 team-block team-style-1 team1-0\"><figure><div class=\"team-image xs-width-100\"><img loading=\"lazy\" decoding=\"async\" src=\"https:\/\/i0.wp.com\/aktoestudio.com\/wp-content\/uploads\/2020\/07\/marcela-castillo.jpg?fit=263%2C400&#038;ssl=1\" width=\"263\" height=\"400\"  alt=\"\" srcset=\"https:\/\/i0.wp.com\/aktoestudio.com\/wp-content\/uploads\/2020\/07\/marcela-castillo.jpg?w=263&amp;ssl=1 263w, https:\/\/i0.wp.com\/aktoestudio.com\/wp-content\/uploads\/2020\/07\/marcela-castillo.jpg?resize=197%2C300&amp;ssl=1 197w, https:\/\/i0.wp.com\/aktoestudio.com\/wp-content\/uploads\/2020\/07\/marcela-castillo.jpg?resize=81%2C123&amp;ssl=1 81w\" sizes=\"auto, (max-width: 263px) 100vw, 263px\" \/><div class=\"overlay-content text-center\"><div class=\"display-table height-100 width-100\"><div class=\"display-table-cell icon-social-small padding-twelve-all vertical-align-middle\"><div class=\"text-white text-white-hover text-small no-margin last-paragraph-no-margin\"><p>Lawyer and Senior Conciliator in Commercial &amp; Administrative Law.<\/p>\n<\/div><div class=\"separator-line-horrizontal-full bg-deep-pink margin-eleven-tb\" style=\"background-color:#9d432c; \"><\/div><a class=\"text-white text-white-hover team-social-icon\" href=\"https:\/\/www.facebook.com\/\" target=\"_blank\"><i class=\"fab fa-facebook-f\"><\/i><\/a><a class=\"text-white text-white-hover team-social-icon\" href=\"https:\/\/www.twitter.com\/\" target=\"_blank\"><i class=\"fab fa-twitter\"><\/i><\/a><a class=\"text-white text-white-hover team-social-icon\" href=\"https:\/\/www.linkedin.com\/\" target=\"_blank\"><i class=\"fab fa-linkedin-in\"><\/i><\/a><a class=\"text-white text-white-hover team-social-icon\" href=\"https:\/\/www.instagram.com\/\" target=\"_blank\"><i class=\"fab fa-instagram\"><\/i><\/a><\/div><\/div><\/div><div class=\"team-overlay bg-deep-pink opacity8\"  style=\"background-color: #183028;\"><\/div><\/div><figcaption><div class=\"team-member-position margin-20px-top\"><div class=\"font-weight-500 text-extra-dark-gray text-uppercase text-small\"><a class=\"team-title-link\" href=\"https:\/\/aktoestudio.com\/en\/profesionales\/marcela-castillo\/\">CLAUDIA MARCELA CASTILLO<\/a><\/div><div class=\"text-extra-small text-medium-gray text-uppercase\">FOUNDER - LEGAL AND ADMINISTRATIVE DIRECTOR<\/div><\/div><\/figcaption><\/figure><\/div><\/div><\/div><\/div><div class=\"wpb_column vc_column_container vc_col-sm-3 vc_hidden-lg vc_hidden-md vc_hidden-sm vc_hidden-xs col-xs-mobile-fullwidth text-center md-text-center sm-text-center xs-text-center\"><div class=\"vc_column-inner\"><div class=\"wpb_wrapper\"><div class=\"team-1 team-block team-style-1 team1-0\"><figure><div class=\"team-image xs-width-100\"><img loading=\"lazy\" decoding=\"async\" src=\"https:\/\/i0.wp.com\/aktoestudio.com\/wp-content\/uploads\/2020\/08\/foto-equipo-trabajo-akto-sonriendo.jpg?fit=263%2C400&#038;ssl=1\" width=\"263\" height=\"400\"  alt=\"\" srcset=\"https:\/\/i0.wp.com\/aktoestudio.com\/wp-content\/uploads\/2020\/08\/foto-equipo-trabajo-akto-sonriendo.jpg?w=263&amp;ssl=1 263w, https:\/\/i0.wp.com\/aktoestudio.com\/wp-content\/uploads\/2020\/08\/foto-equipo-trabajo-akto-sonriendo.jpg?resize=197%2C300&amp;ssl=1 197w, https:\/\/i0.wp.com\/aktoestudio.com\/wp-content\/uploads\/2020\/08\/foto-equipo-trabajo-akto-sonriendo.jpg?resize=81%2C123&amp;ssl=1 81w\" sizes=\"auto, (max-width: 263px) 100vw, 263px\" \/><div class=\"overlay-content text-center\"><div class=\"display-table height-100 width-100\"><div class=\"display-table-cell icon-social-small padding-twelve-all vertical-align-middle\"><div class=\"text-white text-white-hover text-small no-margin last-paragraph-no-margin\"><p>Lawyer and Conciliator, expert in litigation prevention and reduction of risks and losses in companies.<\/p>\n<\/div><div class=\"separator-line-horrizontal-full bg-deep-pink margin-eleven-tb\" style=\"background-color:#9d432c; \"><\/div><a class=\"text-white text-white-hover team-social-icon\" href=\"https:\/\/www.facebook.com\/jordanrojas1\" target=\"_blank\"><i class=\"fab fa-facebook-f\"><\/i><\/a><a class=\"text-white text-white-hover team-social-icon\" href=\"https:\/\/www.twitter.com\/1jordanrojas\" target=\"_blank\"><i class=\"fab fa-twitter\"><\/i><\/a><a class=\"text-white text-white-hover team-social-icon\" href=\"https:\/\/www.linkedin.com\/in\/1jordanrojas\" target=\"_blank\"><i class=\"fab fa-linkedin-in\"><\/i><\/a><a class=\"text-white text-white-hover team-social-icon\" href=\"https:\/\/www.instagram.com\/1jordanrojas\" target=\"_blank\"><i class=\"fab fa-instagram\"><\/i><\/a><\/div><\/div><\/div><div class=\"team-overlay bg-deep-pink opacity8\"  style=\"background-color: #183028;\"><\/div><\/div><figcaption><div class=\"team-member-position margin-20px-top\"><div class=\"font-weight-500 text-extra-dark-gray text-uppercase text-small\"><a class=\"team-title-link\" href=\"https:\/\/aktoestudio.com\/en\/profesionales\/jordan-rojas\/\">JORDAN STIV ROJAS ORDO\u00d1EZ<\/a><\/div><div class=\"text-extra-small text-medium-gray text-uppercase\">ABOGADO <\/div><\/div><\/figcaption><\/figure><\/div><\/div><\/div><\/div><div class=\"wpb_column vc_column_container vc_col-sm-3  col-xs-mobile-fullwidth text-center md-text-center sm-text-center xs-text-center\"><div class=\"vc_column-inner\"><div class=\"wpb_wrapper\"><div class=\"team-1 team-block team-style-1 team1-0\"><figure><div class=\"team-image xs-width-100\"><img loading=\"lazy\" decoding=\"async\" src=\"https:\/\/i0.wp.com\/aktoestudio.com\/wp-content\/uploads\/2020\/07\/tatiana-final-akto.jpg?fit=263%2C400&#038;ssl=1\" width=\"263\" height=\"400\"  alt=\"\" srcset=\"https:\/\/i0.wp.com\/aktoestudio.com\/wp-content\/uploads\/2020\/07\/tatiana-final-akto.jpg?w=263&amp;ssl=1 263w, https:\/\/i0.wp.com\/aktoestudio.com\/wp-content\/uploads\/2020\/07\/tatiana-final-akto.jpg?resize=197%2C300&amp;ssl=1 197w, https:\/\/i0.wp.com\/aktoestudio.com\/wp-content\/uploads\/2020\/07\/tatiana-final-akto.jpg?resize=81%2C123&amp;ssl=1 81w\" sizes=\"auto, (max-width: 263px) 100vw, 263px\" \/><div class=\"overlay-content text-center md-text-center sm-text-center xs-text-center\"><div class=\"display-table height-100 width-100\"><div class=\"display-table-cell icon-social-small padding-twelve-all vertical-align-middle\"><div class=\"text-white text-white-hover text-small no-margin last-paragraph-no-margin\"><p>Senior Corporate &amp; Commercial Lawyer with extensive experience in State Contracting.<\/p>\n<\/div><div class=\"separator-line-horrizontal-full bg-deep-pink margin-eleven-tb\" style=\"background-color:#9d432c; \"><\/div><a class=\"text-white text-white-hover team-social-icon\" href=\"https:\/\/www.facebook.com\/\" target=\"_blank\"><i class=\"fab fa-facebook-f\"><\/i><\/a><a class=\"text-white text-white-hover team-social-icon\" href=\"https:\/\/www.twitter.com\/\" target=\"_blank\"><i class=\"fab fa-twitter\"><\/i><\/a><a class=\"text-white text-white-hover team-social-icon\" href=\"https:\/\/www.linkedin.com\/\" target=\"_blank\"><i class=\"fab fa-linkedin-in\"><\/i><\/a><a class=\"text-white text-white-hover team-social-icon\" href=\"https:\/\/www.instagram.com\/\" target=\"_blank\"><i class=\"fab fa-instagram\"><\/i><\/a><\/div><\/div><\/div><div class=\"team-overlay bg-deep-pink opacity8\"  style=\"background-color: #183028;\"><\/div><\/div><figcaption><div class=\"team-member-position margin-20px-top\"><div class=\"font-weight-500 text-extra-dark-gray text-uppercase text-small\"><a class=\"team-title-link\" href=\"https:\/\/aktoestudio.com\/en\/profesionales\/tatiana-gonzalez\/\">TATIANA GONZ\u00c1LEZ CADAVID<\/a><\/div><div class=\"text-extra-small text-medium-gray text-uppercase\">SENIOR LEGAL CONSULTANT<\/div><\/div><\/figcaption><\/figure><\/div><\/div><\/div><\/div><\/section>\n<\/div>","protected":false},"excerpt":{"rendered":"NUESTRO EQUIPO DE PROFESIONALESDirector de Ventas Senior para Latinoam\u00e9rica Sector de Telecomunicaciones. ALEJANDRO GUERRA NAJARDIRECTOR COMERCIALAbogada y Conciliadora Senior en Derecho Comercial &amp; Administrativo. CLAUDIA MARCELA CASTILLOFUNDADORA - DIRECTORA JUR\u00cdDICA Y ADMINISTRATIVAAbogado y Conciliador, experto en prevenci\u00f3n de litigios y disminuci\u00f3n de riesgos y p\u00e9rdidas en empresas. JORDAN STIV ROJAS ORDO\u00d1EZABOGADO Abogada Senior en Derecho Corporativo &amp; Comercial amplia experiencia en Contrataci\u00f3n Estatal. TATIANA GONZ\u00c1LEZ CADAVIDCONSULTOR LEGAL SENIOR","protected":false},"author":2,"featured_media":22318,"parent":0,"menu_order":0,"comment_status":"closed","ping_status":"closed","template":"","meta":{"om_disable_all_campaigns":false,"footnotes":""},"yst_prominent_words":[437,433,436,147,438,434,310,405,435,404,179],"class_list":["post-22771","page","type-page","status-publish","has-post-thumbnail","hentry"],"jetpack_sharing_enabled":true,"_links":{"self":[{"href":"https:\/\/aktoestudio.com\/en\/wp-json\/wp\/v2\/pages\/22771","targetHints":{"allow":["GET"]}}],"collection":[{"href":"https:\/\/aktoestudio.com\/en\/wp-json\/wp\/v2\/pages"}],"about":[{"href":"https:\/\/aktoestudio.com\/en\/wp-json\/wp\/v2\/types\/page"}],"author":[{"embeddable":true,"href":"https:\/\/aktoestudio.com\/en\/wp-json\/wp\/v2\/users\/2"}],"replies":[{"embeddable":true,"href":"https:\/\/aktoestudio.com\/en\/wp-json\/wp\/v2\/comments?post=22771"}],"version-history":[{"count":6,"href":"https:\/\/aktoestudio.com\/en\/wp-json\/wp\/v2\/pages\/22771\/revisions"}],"predecessor-version":[{"id":23141,"href":"https:\/\/aktoestudio.com\/en\/wp-json\/wp\/v2\/pages\/22771\/revisions\/23141"}],"wp:featuredmedia":[{"embeddable":true,"href":"https:\/\/aktoestudio.com\/en\/wp-json\/wp\/v2\/media\/22318"}],"wp:attachment":[{"href":"https:\/\/aktoestudio.com\/en\/wp-json\/wp\/v2\/media?parent=22771"}],"wp:term":[{"taxonomy":"yst_prominent_words","embeddable":true,"href":"https:\/\/aktoestudio.com\/en\/wp-json\/wp\/v2\/yst_prominent_words?post=22771"}],"curies":[{"name":"wp","href":"https:\/\/api.w.org\/{rel}","templated":true}]}}