{"id":22546,"date":"2020-06-04T13:29:53","date_gmt":"2020-06-04T13:29:53","guid":{"rendered":"https:\/\/aktoestudio.com\/?page_id=22546"},"modified":"2020-07-27T15:45:31","modified_gmt":"2020-07-27T15:45:31","slug":"estructuracion-de-negocios","status":"publish","type":"page","link":"https:\/\/aktoestudio.com\/en\/estructuracion-de-negocios\/","title":{"rendered":"Business Structuring"},"content":{"rendered":"<div class=\"wpb-content-wrapper\"><section class=\"vc_row wpb_row vc_row-fluid  vc_custom_1594355966372 vc_row-o-equal-height vc_row-o-content-middle vc_row-flex\"><div class=\"wpb_column vc_column_container vc_col-sm-12 vc_col-lg-6 vc_col-md-6 vc_col-xs-12 wow fadeInLeft pofo-column-responsive-69ea422d1bbd7\"><div class=\"vc_column-inner\"><div class=\"wpb_wrapper\">\n\t<div  class=\"wpb_single_image wpb_content_element vc_align_center wpb_content_element\">\n\t\t\n\t\t<figure class=\"wpb_wrapper vc_figure\">\n\t\t\t<div class=\"vc_single_image-wrapper   vc_box_border_grey\"><img loading=\"lazy\" decoding=\"async\" width=\"1920\" height=\"1368\" src=\"https:\/\/i0.wp.com\/aktoestudio.com\/wp-content\/uploads\/2020\/07\/carlos-muza-hpjSkU2UYSU-unsplash.jpg?fit=1920%2C1368&amp;ssl=1\" class=\"vc_single_image-img attachment-full\" alt=\"\" title=\"carlos-muza-hpjSkU2UYSU-unsplash\" srcset=\"https:\/\/i0.wp.com\/aktoestudio.com\/wp-content\/uploads\/2020\/07\/carlos-muza-hpjSkU2UYSU-unsplash.jpg?w=1920&amp;ssl=1 1920w, https:\/\/i0.wp.com\/aktoestudio.com\/wp-content\/uploads\/2020\/07\/carlos-muza-hpjSkU2UYSU-unsplash.jpg?resize=300%2C214&amp;ssl=1 300w, https:\/\/i0.wp.com\/aktoestudio.com\/wp-content\/uploads\/2020\/07\/carlos-muza-hpjSkU2UYSU-unsplash.jpg?resize=1024%2C730&amp;ssl=1 1024w, https:\/\/i0.wp.com\/aktoestudio.com\/wp-content\/uploads\/2020\/07\/carlos-muza-hpjSkU2UYSU-unsplash.jpg?resize=768%2C547&amp;ssl=1 768w, https:\/\/i0.wp.com\/aktoestudio.com\/wp-content\/uploads\/2020\/07\/carlos-muza-hpjSkU2UYSU-unsplash.jpg?resize=1536%2C1094&amp;ssl=1 1536w, https:\/\/i0.wp.com\/aktoestudio.com\/wp-content\/uploads\/2020\/07\/carlos-muza-hpjSkU2UYSU-unsplash.jpg?resize=1082%2C771&amp;ssl=1 1082w, https:\/\/i0.wp.com\/aktoestudio.com\/wp-content\/uploads\/2020\/07\/carlos-muza-hpjSkU2UYSU-unsplash.jpg?resize=360%2C257&amp;ssl=1 360w, https:\/\/i0.wp.com\/aktoestudio.com\/wp-content\/uploads\/2020\/07\/carlos-muza-hpjSkU2UYSU-unsplash.jpg?resize=81%2C58&amp;ssl=1 81w, https:\/\/i0.wp.com\/aktoestudio.com\/wp-content\/uploads\/2020\/07\/carlos-muza-hpjSkU2UYSU-unsplash.jpg?resize=600%2C428&amp;ssl=1 600w\" sizes=\"auto, (max-width: 1200px) 100vw, 1200px\" \/><\/div>\n\t\t<\/figure>\n\t<\/div>\n<\/div><\/div><\/div><div class=\"wpb_column vc_column_container vc_col-sm-12 vc_col-lg-offset-1 vc_col-lg-5 vc_col-md-6 vc_col-xs-12 wow fadeInRight\"><div class=\"vc_column-inner\"><div class=\"wpb_wrapper\"><h5 class=\"text-extra-dark-gray margin-20px-bottom font-weight-600 display-inline-block alt-font heading-style2  vc_custom_1594347408528  heading-1\" >Sales Force Representation and Outsourcing<\/h5><ul class=\"no-padding list-style-4 list-style4-1\"><li>We have a wide knowledge of the Latin American market that allows us to offer the outsourcing of your sales force in the exploration of new markets.<\/li><li>We advance the procedures under the regulations of each country attending the requirements of the fiscal, labor, and corporate entities, as well as the processing of the licenses required by the ITC industry.<\/li><li>We provide foreign companies, in addition to the service of local representation, the commercial operation while entering the Latin American market.<\/li><li>We provide as part of our services the External Legal and Commercial Management, which will allow you to delegate to us, while your executives focus on making decisions based on our analysis and reports.<\/li><li>The firm has a team of senior professionals who can support you in achieving your business goals.<\/li><\/ul><a  href=\"https:\/\/aktoestudio.com\/en\/contacto\/\" target=\"_self\" class=\"btn pofo-button-1 button-style1  btn-dark-gray  btn-small   vc_custom_1594348105599\" ><i class=\"fas fa-paper-plane icon-very-small  margin-5px-right no-margin-left\" aria-hidden=\"true\"><\/i>Contact Us<\/a><\/div><\/div><\/div><\/section><section data-vc-full-width=\"true\" data-vc-full-width-init=\"false\" data-vc-stretch-content=\"true\" class=\"vc_row wpb_row vc_row-fluid  vc_custom_1594348419000 wow fadeIn vc_row-has-fill pofo-stretch-content vc_row-o-equal-height vc_row-o-content-middle vc_row-flex\"><div class=\"wpb_column vc_column_container vc_col-sm-3 vc_col-md-3 vc_col-xs-12 wow fadeInUp text-center md-text-center sm-text-center xs-text-center display-inline md-display-inline sm-display-inline xs-display-inline pofo-column-responsive-69ea422d1c70f\"><div class=\"vc_column-inner\"><div class=\"wpb_wrapper\"><div class=\"featurebox8 pofo-featurebox  vc_custom_1595864534104 position-relative overflow-hidden z-index-5 padding-twelve-all md-padding-six-all xs-padding-15px-lr featurebox8-1\" ><div class=\"display-inline-block\"><i class=\"link-icon fas fa-globe-americas icon-extra-medium text-deep-pink  margin-20px-bottom\" style=\"color:#9d432c; \"><\/i><\/div><div class=\"alt-font text-extra-dark-gray font-weight-600 margin-10px-bottom sm-margin-5px-bottom\" style=\"color: #183028;\">International Business Consulting<\/div><div class=\"center-col last-paragraph-no-margin  width-80 xs-width-100\"><ul>\n<li style=\"text-align: left;\"><span style=\"color: #9d432c;\">Market Study ITC Sector (Information Technology and Telecommunications)<\/span><\/li>\n<li style=\"text-align: left;\"><span style=\"color: #9d432c;\">Business development in LATAM<\/span><\/li>\n<li style=\"text-align: left;\"><span style=\"color: #9d432c;\">Administration and Management of Sales Forces<\/span><\/li>\n<\/ul>\n<\/div><\/div><\/div><\/div><\/div><div class=\"wpb_column vc_column_container vc_col-sm-3 vc_col-md-3 vc_col-xs-12 wow fadeInUp text-center md-text-center sm-text-center xs-text-center display-inline md-display-inline sm-display-inline xs-display-inline pofo-column-responsive-69ea422d1c84b\" data-wow-delay= \"200ms\"><div class=\"vc_column-inner vc_custom_1594350993671\"><div class=\"wpb_wrapper\"><div class=\"featurebox8 pofo-featurebox  vc_custom_1594778369262 position-relative overflow-hidden z-index-5 padding-twelve-all md-padding-six-all xs-padding-15px-lr featurebox8-2\" ><div class=\"display-inline-block\"><i class=\"link-icon fas fa-chart-bar icon-extra-medium text-deep-pink  margin-20px-bottom\" style=\"color:#9d432c; \"><\/i><\/div><div class=\"alt-font text-extra-dark-gray font-weight-600 margin-10px-bottom sm-margin-5px-bottom\" style=\"color: #183028;\">Structuring and Development of Business Plans<\/div><div class=\"center-col last-paragraph-no-margin  width-80 xs-width-100\"><ul>\n<li style=\"text-align: left;\"><span style=\"color: #9d432c;\">Financial feasibility analysis<\/span><\/li>\n<li style=\"text-align: left;\"><span style=\"color: #9d432c;\">Projected cost modeling<\/span><\/li>\n<li style=\"text-align: left;\" class=\"translation-block\"><span style=\"color: #9d432c\">Construction of Pipeline<\/em> and sales projection based on CRM (Costumer Relationship Management)<\/em><\/span><\/li>\n<li style=\"text-align: left;\" class=\"translation-block\"><span style=\"color: #9d432c;\">Planeaci\u00f3n de Ventas; Elaboraci\u00f3n de pron\u00f3stico de ventas por pa\u00eds, oportunidades y<\/span><br>\r\n<span style=\"color: #9d432c;\">aplicaciones.<\/span><\/li>\n<\/ul>\n<\/div><\/div><\/div><\/div><\/div><div class=\"wpb_column vc_column_container vc_col-sm-3 vc_col-md-3 vc_col-xs-12 wow fadeInUp text-center md-text-center sm-text-center xs-text-center display-inline md-display-inline sm-display-inline xs-display-inline pofo-column-responsive-69ea422d1c912\" data-wow-delay= \"400ms\"><div class=\"vc_column-inner vc_custom_1594352936811\"><div class=\"wpb_wrapper\"><div class=\"featurebox8 pofo-featurebox  vc_custom_1594794672706 position-relative overflow-hidden z-index-5 padding-twelve-all md-padding-six-all xs-padding-15px-lr featurebox8-3\" ><div class=\"display-inline-block\"><i class=\"link-icon fas fa-business-time icon-extra-medium text-deep-pink  margin-20px-bottom\" style=\"color:#9d432c; \"><\/i><\/div><div class=\"alt-font text-extra-dark-gray font-weight-600 margin-10px-bottom sm-margin-5px-bottom translation-block\" style=\"color: #183028;\">Development and Implementation of management plans and Regional Account Management<\/div><div class=\"center-col last-paragraph-no-margin  width-80 xs-width-100\"><ul>\n<li style=\"text-align: left;\" class=\"translation-block\"><span style=\"color: #9d432c\">Definition of activities and objectives based on the <em>Account <\/em><\/span><em><span style=\"color: #9d432c\">Plan<\/span><\/em><\/li>\n<li style=\"text-align: left;\"><span style=\"color: #9d432c;\">Development of Business Strategies oriented to sales objectives<\/span><\/li>\n<li style=\"text-align: left;\" class=\"translation-block\"><span style=\"color: #9d432c\">Commercial Proposal Development<em>(Value Proposition Oriented)<\/em><\/span><\/li>\n<\/ul>\n<\/div><\/div><\/div><\/div><\/div><div class=\"wpb_column vc_column_container vc_col-sm-3 vc_col-md-3 vc_col-xs-12 wow fadeInUp text-center md-text-center sm-text-center xs-text-center display-inline md-display-inline sm-display-inline xs-display-inline\"><div class=\"vc_column-inner vc_custom_1594352999128\"><div class=\"wpb_wrapper\"><div class=\"featurebox8 pofo-featurebox  vc_custom_1595864604783 position-relative overflow-hidden z-index-5 padding-twelve-all md-padding-six-all xs-padding-15px-lr featurebox8-4\" ><div class=\"display-inline-block\"><i class=\"link-icon fas fa-bezier-curve icon-medium text-deep-pink  margin-20px-bottom\" style=\"color:#9d432c; \"><\/i><\/div><div class=\"alt-font text-extra-dark-gray font-weight-600 margin-10px-bottom sm-margin-5px-bottom\" style=\"color: #183028;\">Creation and Management of Allies or Business Partners.<\/div><div class=\"center-col last-paragraph-no-margin  width-80 xs-width-100\"><ul>\n<li style=\"text-align: left;\"><span style=\"color: #9d432c;\">Creation of programs for Allies and Distributors.<\/span><\/li>\n<li style=\"text-align: left;\" class=\"translation-block\"><span style=\"color: #9d432c\">Sales Strategy Development for <em>Business Partners.<\/em><\/span><\/li>\n<\/ul>\n<\/div><\/div><\/div><\/div><\/div><\/section><div class=\"vc_row-full-width vc_clearfix\"><\/div><section data-vc-full-width=\"true\" data-vc-full-width-init=\"false\" data-vc-stretch-content=\"true\" class=\"vc_row wpb_row vc_row-fluid  vc_custom_1507544427728 wow fadeIn pofo-stretch-content vc_row-o-equal-height vc_row-o-content-middle vc_row-flex\"><div class=\"wpb_column vc_column_container vc_col-has-fill vc_col-sm-6 vc_col-md-4 vc_col-xs-12 xs-text-center\"><div class=\"vc_column-inner vc_custom_1594351069371\"><div class=\"wpb_wrapper\"><div class=\"vc_row wpb_row vc_inner vc_row-fluid  vc_custom_1509776151888 pofo-inner-row-responsive-69ea422d1cb46\"><div class=\"wpb_column vc_column_container vc_col-sm-12  col-xs-mobile-fullwidth pofo-column-responsive-69ea422d1cba8\"><div class=\"vc_column-inner\"><div class=\"wpb_wrapper\"><h6 class=\"text-extra-dark-gray margin-20px-bottom font-weight-600 display-inline-block alt-font heading-style2  heading-2\"  style=\"font-weight: 500; color: #d6d5d5;\">Are you a foreign company in regional expansion with an emphasis on Latin America?<\/h6><div class=\"last-paragraph-no-margin\"><p class=\"translation-block\">We will be your ally to increase your sales potential and the continuous search for new business, ensuring the portfolio of existing customers in countries such as: Mexico, Colombia, Ecuador, Uruguay, Paraguay, Chile, Argentina, Bolivia and Peru.<\/p>\n<\/div><a  href=\"https:\/\/aktoestudio.com\/en\/contacto\/\" target=\"_self\" class=\"btn pofo-button-2 button-style4  btn-transparent-white  btn-small   vc_custom_1594355278714\" ><i class=\"fas fa-info-circle icon-very-small  margin-5px-right no-margin-left\" aria-hidden=\"true\"><\/i>Know more<\/a><\/div><\/div><\/div><\/div><\/div><\/div><\/div><div class=\"wpb_column vc_column_container vc_col-has-fill vc_col-sm-6 vc_col-md-4 vc_col-xs-12 xs-text-center\"><div class=\"vc_column-inner vc_custom_1503053987882\"><div class=\"wpb_wrapper\"><div class=\"vc_row wpb_row vc_inner vc_row-fluid  vc_custom_1509776142626 pofo-inner-row-responsive-69ea422d1ccac\"><div class=\"wpb_column vc_column_container vc_col-sm-12  col-xs-mobile-fullwidth pofo-column-responsive-69ea422d1cce6\"><div class=\"vc_column-inner\"><div class=\"wpb_wrapper\"><h6 class=\"text-extra-dark-gray margin-20px-bottom font-weight-600 display-inline-block alt-font heading-style2  heading-3\"  style=\"font-weight: 500; color: #d6d5d5;\">Strategic Business Planning<\/h6><div class=\"last-paragraph-no-margin\"><p class=\"translation-block\">We have proven to be effective in forecasting revenue for our clients, offering them\nperiodically detailing the main opportunities and threats to the business. We update and maintain the CRM (Costumer Relationship Management) database on a weekly basis.<\/p>\n<\/div><a  href=\"https:\/\/aktoestudio.com\/en\/contacto\/\" target=\"_self\" class=\"btn pofo-button-3 button-style4  btn-transparent-white  btn-small   vc_custom_1594351434749\" ><i class=\"fas fa-info-circle icon-very-small  margin-5px-right no-margin-left\" aria-hidden=\"true\"><\/i>Know more<\/a><\/div><\/div><\/div><\/div><\/div><\/div><\/div><div class=\"wpb_column vc_column_container vc_col-has-fill vc_col-sm-12 vc_col-md-4 vc_col-xs-12 pofo-column-responsive-69ea422d1cd8a\"><div class=\"vc_column-inner cover-background bg-position-center-center vc_custom_1594352216709\"><div class=\"wpb_wrapper\"><\/div><\/div><\/div><\/section><div class=\"vc_row-full-width vc_clearfix\"><\/div><section data-vc-full-width=\"true\" data-vc-full-width-init=\"false\" class=\"vc_row wpb_row vc_row-fluid   wow fadeIn pofo-stretch-content pofo-stretch-row-container\"><div class=\"wpb_column vc_column_container vc_col-sm-12  col-xs-mobile-fullwidth\"><div class=\"vc_column-inner\"><div class=\"wpb_wrapper\"><div class=\"vc_row wpb_row vc_inner vc_row-fluid\"><div class=\"wpb_column vc_column_container vc_col-sm-2 vc_col-lg-3 vc_col-md-3 vc_hidden-xs col-xs-mobile-fullwidth\"><div class=\"vc_column-inner\"><div class=\"wpb_wrapper\"><\/div><\/div><\/div><div class=\"wpb_column vc_column_container vc_col-sm-8 vc_col-lg-6 vc_col-md-6 vc_col-xs-12 text-center pofo-column-responsive-69ea422d1cefb\"><div class=\"vc_column-inner vc_custom_1507544781384\"><div class=\"wpb_wrapper\"><h5 class=\"text-extra-dark-gray margin-20px-bottom font-weight-600 display-inline-block alt-font heading-style2  vc_custom_1595864638423  heading-4\"  style=\"font-weight: 700;\">\u00bfWhy would you put your business in our hands?<\/h5><\/div><\/div><\/div><div class=\"wpb_column vc_column_container vc_col-sm-2 vc_col-lg-3 vc_col-md-3 vc_hidden-xs col-xs-mobile-fullwidth\"><div class=\"vc_column-inner\"><div class=\"wpb_wrapper\"><\/div><\/div><\/div><\/div><div class=\"vc_row wpb_row vc_inner vc_row-fluid\"><div class=\"wpb_column vc_column_container vc_col-sm-4 vc_col-md-4 vc_col-xs-12 wow fadeInUp text-center pofo-column-responsive-69ea422d1cfd2\"><div class=\"vc_column-inner\"><div class=\"wpb_wrapper\"><div class=\"team-block feature-box-15 featurebox26-1 featurebox26 pofo-featurebox\" ><figure><div class=\"feature-box-content xs-width-100\"><div class=\"feature-box-image\"><img loading=\"lazy\" decoding=\"async\" src=\"https:\/\/i0.wp.com\/aktoestudio.com\/wp-content\/uploads\/2020\/07\/800650-akto.jpg?fit=800%2C650&#038;ssl=1\" width=\"800\" height=\"650\"  alt=\"\" srcset=\"https:\/\/i0.wp.com\/aktoestudio.com\/wp-content\/uploads\/2020\/07\/800650-akto.jpg?w=800&amp;ssl=1 800w, https:\/\/i0.wp.com\/aktoestudio.com\/wp-content\/uploads\/2020\/07\/800650-akto.jpg?resize=300%2C244&amp;ssl=1 300w, https:\/\/i0.wp.com\/aktoestudio.com\/wp-content\/uploads\/2020\/07\/800650-akto.jpg?resize=768%2C624&amp;ssl=1 768w, https:\/\/i0.wp.com\/aktoestudio.com\/wp-content\/uploads\/2020\/07\/800650-akto.jpg?resize=81%2C66&amp;ssl=1 81w, https:\/\/i0.wp.com\/aktoestudio.com\/wp-content\/uploads\/2020\/07\/800650-akto.jpg?resize=600%2C488&amp;ssl=1 600w\" sizes=\"auto, (max-width: 800px) 100vw, 800px\" class=\"icon-image\"\/><\/div><div class=\"hover-content bg-deep-pink\"><div class=\"display-table height-100 width-100\"><div class=\"vertical-align-middle display-table-cell padding-twelve-lr\"><div class=\"text-white display-inline-block last-paragraph-no-margin\"><p><span style=\"color: #9d432c;\">We will be the ally that will take your products and services to different Latin American markets accompanying you from start to finish.<\/span><\/p>\n<\/div><\/div><\/div><\/div><\/div><figcaption><div class=\"margin-25px-top\"><span class=\"text-extra-dark-gray alt-font font-weight-600\">Opening New Markets<\/span><\/div><\/figcaption><\/figure><\/div><\/div><\/div><\/div><div class=\"wpb_column vc_column_container vc_col-sm-4 vc_col-md-4 vc_col-xs-12 wow fadeInUp text-center pofo-column-responsive-69ea422d1d3e1\" data-wow-delay= \"200ms\"><div class=\"vc_column-inner\"><div class=\"wpb_wrapper\"><div class=\"team-block feature-box-15 featurebox26-2 featurebox26 pofo-featurebox\" ><figure><div class=\"feature-box-content xs-width-100\"><div class=\"feature-box-image\"><img loading=\"lazy\" decoding=\"async\" src=\"https:\/\/i0.wp.com\/aktoestudio.com\/wp-content\/uploads\/2020\/07\/800x650-akto2.jpg?fit=800%2C650&#038;ssl=1\" width=\"800\" height=\"650\"  alt=\"\" srcset=\"https:\/\/i0.wp.com\/aktoestudio.com\/wp-content\/uploads\/2020\/07\/800x650-akto2.jpg?w=800&amp;ssl=1 800w, https:\/\/i0.wp.com\/aktoestudio.com\/wp-content\/uploads\/2020\/07\/800x650-akto2.jpg?resize=300%2C244&amp;ssl=1 300w, https:\/\/i0.wp.com\/aktoestudio.com\/wp-content\/uploads\/2020\/07\/800x650-akto2.jpg?resize=768%2C624&amp;ssl=1 768w, https:\/\/i0.wp.com\/aktoestudio.com\/wp-content\/uploads\/2020\/07\/800x650-akto2.jpg?resize=81%2C66&amp;ssl=1 81w, https:\/\/i0.wp.com\/aktoestudio.com\/wp-content\/uploads\/2020\/07\/800x650-akto2.jpg?resize=600%2C488&amp;ssl=1 600w\" sizes=\"auto, (max-width: 800px) 100vw, 800px\" class=\"icon-image\"\/><\/div><div class=\"hover-content bg-deep-pink\"><div class=\"display-table height-100 width-100\"><div class=\"vertical-align-middle display-table-cell padding-twelve-lr\"><div class=\"text-white display-inline-block last-paragraph-no-margin\"><p class=\"translation-block\">We integrate our results into your CRM (Costumer Relationship Management) systems for continuous monitoring.<\/p>\n<\/div><\/div><\/div><\/div><\/div><figcaption><div class=\"margin-25px-top\"><span class=\"text-extra-dark-gray alt-font font-weight-600\">Business status at your fingertips<\/span><\/div><\/figcaption><\/figure><\/div><\/div><\/div><\/div><div class=\"wpb_column vc_column_container vc_col-sm-4 vc_col-md-4 vc_col-xs-12 wow fadeInUp text-center\" data-wow-delay= \"400ms\"><div class=\"vc_column-inner\"><div class=\"wpb_wrapper\"><div class=\"team-block feature-box-15 featurebox26-3 featurebox26 pofo-featurebox\" ><figure><div class=\"feature-box-content xs-width-100\"><div class=\"feature-box-image\"><img loading=\"lazy\" decoding=\"async\" src=\"https:\/\/i0.wp.com\/aktoestudio.com\/wp-content\/uploads\/2020\/07\/800x650-akto-3.jpg?fit=800%2C650&#038;ssl=1\" width=\"800\" height=\"650\"  alt=\"\" srcset=\"https:\/\/i0.wp.com\/aktoestudio.com\/wp-content\/uploads\/2020\/07\/800x650-akto-3.jpg?w=800&amp;ssl=1 800w, https:\/\/i0.wp.com\/aktoestudio.com\/wp-content\/uploads\/2020\/07\/800x650-akto-3.jpg?resize=300%2C244&amp;ssl=1 300w, https:\/\/i0.wp.com\/aktoestudio.com\/wp-content\/uploads\/2020\/07\/800x650-akto-3.jpg?resize=768%2C624&amp;ssl=1 768w, https:\/\/i0.wp.com\/aktoestudio.com\/wp-content\/uploads\/2020\/07\/800x650-akto-3.jpg?resize=81%2C66&amp;ssl=1 81w, https:\/\/i0.wp.com\/aktoestudio.com\/wp-content\/uploads\/2020\/07\/800x650-akto-3.jpg?resize=600%2C488&amp;ssl=1 600w\" sizes=\"auto, (max-width: 800px) 100vw, 800px\" class=\"icon-image\"\/><\/div><div class=\"hover-content bg-deep-pink\"><div class=\"display-table height-100 width-100\"><div class=\"vertical-align-middle display-table-cell padding-twelve-lr\"><div class=\"text-white display-inline-block last-paragraph-no-margin\"><p><span style=\"color: #9d432c;\">More than 10 years of experience representing foreign companies marketing their products and services throughout Latin America.<\/span><\/p>\n<\/div><\/div><\/div><\/div><\/div><figcaption><div class=\"margin-25px-top\"><span class=\"text-extra-dark-gray alt-font font-weight-600\">We build your aspirations<\/span><\/div><\/figcaption><\/figure><\/div><\/div><\/div><\/div><\/div><\/div><\/div><\/div><\/section><div class=\"vc_row-full-width vc_clearfix\"><\/div>\n<\/div>","protected":false},"excerpt":{"rendered":"<p>Somos un estudio legal y comercial que tiene como prop\u00f3sito darle respaldo y seguridad a empresas presentes en el mercado latinoamericano.<\/p>","protected":false},"author":2,"featured_media":22320,"parent":0,"menu_order":0,"comment_status":"closed","ping_status":"closed","template":"","meta":{"om_disable_all_campaigns":false,"footnotes":""},"yst_prominent_words":[589,588,587,533,534,511,537,536,527,539,528,535,532,529,310,530,542,541,540,531],"class_list":["post-22546","page","type-page","status-publish","has-post-thumbnail","hentry"],"jetpack_sharing_enabled":true,"_links":{"self":[{"href":"https:\/\/aktoestudio.com\/en\/wp-json\/wp\/v2\/pages\/22546","targetHints":{"allow":["GET"]}}],"collection":[{"href":"https:\/\/aktoestudio.com\/en\/wp-json\/wp\/v2\/pages"}],"about":[{"href":"https:\/\/aktoestudio.com\/en\/wp-json\/wp\/v2\/types\/page"}],"author":[{"embeddable":true,"href":"https:\/\/aktoestudio.com\/en\/wp-json\/wp\/v2\/users\/2"}],"replies":[{"embeddable":true,"href":"https:\/\/aktoestudio.com\/en\/wp-json\/wp\/v2\/comments?post=22546"}],"version-history":[{"count":3,"href":"https:\/\/aktoestudio.com\/en\/wp-json\/wp\/v2\/pages\/22546\/revisions"}],"predecessor-version":[{"id":22955,"href":"https:\/\/aktoestudio.com\/en\/wp-json\/wp\/v2\/pages\/22546\/revisions\/22955"}],"wp:featuredmedia":[{"embeddable":true,"href":"https:\/\/aktoestudio.com\/en\/wp-json\/wp\/v2\/media\/22320"}],"wp:attachment":[{"href":"https:\/\/aktoestudio.com\/en\/wp-json\/wp\/v2\/media?parent=22546"}],"wp:term":[{"taxonomy":"yst_prominent_words","embeddable":true,"href":"https:\/\/aktoestudio.com\/en\/wp-json\/wp\/v2\/yst_prominent_words?post=22546"}],"curies":[{"name":"wp","href":"https:\/\/api.w.org\/{rel}","templated":true}]}}